{"id":8,"date":"2026-03-24T19:57:22","date_gmt":"2026-03-24T17:57:22","guid":{"rendered":"https:\/\/apumiespalvelu.fi\/?page_id=8"},"modified":"2026-03-25T10:13:56","modified_gmt":"2026-03-25T08:13:56","slug":"etusivu","status":"publish","type":"page","link":"https:\/\/apumiespalvelu.fi\/","title":{"rendered":"Etusivu"},"content":{"rendered":"\n<div class=\"wp-block-cover alignfull\"><img loading=\"lazy\" decoding=\"async\" width=\"1024\" height=\"492\" class=\"wp-block-cover__image-background wp-image-12 size-large\" alt=\"\" src=\"https:\/\/apumiespalvelu.fi\/wp-content\/uploads\/2026\/03\/63454-1024x492.jpg\" style=\"object-position:49% 81%\" data-object-fit=\"cover\" data-object-position=\"49% 81%\" srcset=\"https:\/\/apumiespalvelu.fi\/wp-content\/uploads\/2026\/03\/63454-1024x492.jpg 1024w, https:\/\/apumiespalvelu.fi\/wp-content\/uploads\/2026\/03\/63454-300x144.jpg 300w, https:\/\/apumiespalvelu.fi\/wp-content\/uploads\/2026\/03\/63454-768x369.jpg 768w, https:\/\/apumiespalvelu.fi\/wp-content\/uploads\/2026\/03\/63454.jpg 1500w\" sizes=\"auto, (max-width: 1024px) 100vw, 1024px\" \/><span aria-hidden=\"true\" class=\"wp-block-cover__background has-ast-global-color-4-background-color has-background-dim-80 has-background-dim\"><\/span><div class=\"wp-block-cover__inner-container is-layout-constrained wp-block-cover-is-layout-constrained\">\n<figure class=\"wp-block-image aligncenter size-full is-resized\"><img loading=\"lazy\" decoding=\"async\" width=\"773\" height=\"879\" src=\"https:\/\/apumiespalvelu.fi\/wp-content\/uploads\/2026\/03\/rasa-pysty.png\" alt=\"\" class=\"wp-image-11\" style=\"width:400px\" srcset=\"https:\/\/apumiespalvelu.fi\/wp-content\/uploads\/2026\/03\/rasa-pysty.png 773w, https:\/\/apumiespalvelu.fi\/wp-content\/uploads\/2026\/03\/rasa-pysty-264x300.png 264w, https:\/\/apumiespalvelu.fi\/wp-content\/uploads\/2026\/03\/rasa-pysty-768x873.png 768w\" sizes=\"auto, (max-width: 773px) 100vw, 773px\" \/><\/figure>\n<\/div><\/div>\n\n\n\n<div class=\"wp-block-group alignfull is-layout-constrained wp-container-core-group-is-layout-0c9c989a wp-block-group-is-layout-constrained\" style=\"min-height:0vh;margin-top:0;margin-bottom:0;padding-top:var(--wp--preset--spacing--70);padding-right:var(--wp--preset--spacing--40);padding-bottom:var(--wp--preset--spacing--70);padding-left:var(--wp--preset--spacing--40)\">\n<div class=\"wp-block-group is-layout-constrained wp-container-core-group-is-layout-346627ba wp-block-group-is-layout-constrained\">\n<h2 class=\"wp-block-heading has-text-align-center has-xx-large-font-size\" style=\"margin-right:0;margin-left:0;padding-right:0;padding-left:0\">Apumiespalvelu \u2013 lis\u00e4apua kodin ja yrityksen t\u00f6ihin helposti ja nopeasti<\/h2>\n\n\n\n<p class=\"has-text-align-center\">Tarvitsetko luotettavaa apumiest\u00e4 vaikkapa pihat\u00f6ihin tai rakennukselle? <strong>Apumiespalvelu<\/strong> auttaa, kun hommat kasaantuvat tai oma aika ei riit\u00e4.<br>Teen t\u00f6it\u00e4 kotitalouksille ja yrityksille. Ty\u00f6t veloitetaan aina laskulla ja hinta sis\u00e4lt\u00e4\u00e4 arvonlis\u00e4veron.<\/p>\n\n\n\n<p class=\"has-text-align-center\"><strong>Otto Rasa, Jyv\u00e4skyl\u00e4<\/strong><\/p>\n<\/div>\n\n\n\n<p class=\"has-text-align-center\">Toimialue: Jyv\u00e4skyl\u00e4, Muurame, Laukaa ja Korpilahti<\/p>\n\n\n\n<div class=\"wp-block-group is-layout-constrained wp-container-core-group-is-layout-346627ba wp-block-group-is-layout-constrained\">\n<div class=\"wp-block-buttons is-content-justification-center is-layout-flex wp-container-core-buttons-is-layout-a89b3969 wp-block-buttons-is-layout-flex\">\n<div class=\"wp-block-button\"><a class=\"wp-block-button__link wp-element-button\" href=\"callto:+358451691500\">Soita heti ja sovitaan milloin tulen paikalle:<br><br>045 1691 500<\/a><\/div>\n<\/div>\n<\/div>\n<\/div>\n\n\n\n<div class=\"wp-block-uagb-container uagb-block-ad943be8 alignfull uagb-is-root-container\"><div class=\"uagb-container-inner-blocks-wrap\">\n<div class=\"wp-block-uagb-container uagb-block-2dde7b04\">\n<figure class=\"wp-block-image size-full is-resized has-custom-border\"><img loading=\"lazy\" decoding=\"async\" width=\"2110\" height=\"2560\" src=\"https:\/\/apumiespalvelu.fi\/wp-content\/uploads\/2026\/03\/Otto-web-scaled.jpg\" alt=\"\" class=\"wp-image-21\" style=\"border-top-left-radius:11px;border-top-right-radius:11px;border-bottom-left-radius:11px;border-bottom-right-radius:11px;aspect-ratio:0.8242377410734408;width:406px;height:auto\" srcset=\"https:\/\/apumiespalvelu.fi\/wp-content\/uploads\/2026\/03\/Otto-web-scaled.jpg 2110w, https:\/\/apumiespalvelu.fi\/wp-content\/uploads\/2026\/03\/Otto-web-247x300.jpg 247w, https:\/\/apumiespalvelu.fi\/wp-content\/uploads\/2026\/03\/Otto-web-844x1024.jpg 844w, https:\/\/apumiespalvelu.fi\/wp-content\/uploads\/2026\/03\/Otto-web-768x932.jpg 768w, https:\/\/apumiespalvelu.fi\/wp-content\/uploads\/2026\/03\/Otto-web-1266x1536.jpg 1266w, https:\/\/apumiespalvelu.fi\/wp-content\/uploads\/2026\/03\/Otto-web-1688x2048.jpg 1688w\" sizes=\"auto, (max-width: 2110px) 100vw, 2110px\" \/><\/figure>\n<\/div>\n\n\n\n<div class=\"wp-block-uagb-container uagb-block-1b5fc536\">\n<div class=\"wp-block-group is-vertical is-layout-flex wp-container-core-group-is-layout-fe9cc265 wp-block-group-is-layout-flex\">\n<h2 class=\"wp-block-heading is-style-text-annotation\">PIHA KEV\u00c4TKUNTOON ILMAN VAIVAA!<\/h2>\n<\/div>\n\n\n\n<p class=\"has-text-align-left is-style-text-subtitle\"><strong>Onko pihasi talven j\u00e4ljilt\u00e4 t\u00e4ynn\u00e4 lehti\u00e4, risuja tai roskia? Pit\u00e4isik\u00f6 pensaat leikata? Onko nurkkiin kertynyt pois viet\u00e4v\u00e4\u00e4? Hoidan hommat nopeasti ja edullisesti kuntoon.<\/strong><\/p>\n\n\n\n<h3 class=\"wp-block-heading\">KEV\u00c4\u00c4N TY\u00d6TARJOUKSIA OMAKOTIASUJILLE:<\/h3>\n\n\n\n<div class=\"wp-block-uagb-inline-notice uagb-inline_notice__align-left uagb-block-32de56ca\"><button class=\"uagb-notice-close-button\" type=\"button\" aria-label=\"Close\"><\/button><h5 class=\"uagb-notice-title\">R\u00e4nnien puhdistus 75\u20ac<\/h5><div class=\"uagb-notice-text\">\n<p>1-kerroksisen okt:n r\u00e4yst\u00e4iden ja sadevesikaivojen puhdistus lehdist\u00e4 ja roskista sek\u00e4 puhdistusj\u00e4tteen siivous. Samalla voin kuvata r\u00e4yst\u00e4skourujen kunnon. Tarjoukseen sis\u00e4ltyv\u00e4 ty\u00f6aika max 2,5 h, lis\u00e4tunnit 35\u20ac\/h. 10 km s\u00e4teell\u00e4 Jyv\u00e4skyl\u00e4n keskustasta.<\/p>\n<\/div><\/div>\n\n\n\n<div class=\"wp-block-uagb-inline-notice uagb-inline_notice__align-left uagb-block-409c8fab\"><button class=\"uagb-notice-close-button\" type=\"button\" aria-label=\"Close\"><\/button><h5 class=\"uagb-notice-title\">Renkaanvaihto kotipihassa 30\u20ac<\/h5><div class=\"uagb-notice-text\">\n<p>Renkaanvaihto 10 km s\u00e4teell\u00e4 Jyv\u00e4skyl\u00e4n keskustasta.<br>Tuon mukanani ty\u00f6kalut, sis. ilmanpaineiden tarkastuksen ja s\u00e4\u00e4d\u00f6n.<\/p>\n<\/div><\/div>\n\n\n\n<div class=\"wp-block-uagb-inline-notice uagb-inline_notice__align-left uagb-block-9c4b1570\"><button class=\"uagb-notice-close-button\" type=\"button\" aria-label=\"Close\"><\/button><h5 class=\"uagb-notice-title\">Roskien vienti kaatopaikalle 65 \u20ac<\/h5><div class=\"uagb-notice-text\">\n<p>Roskakuorman ker\u00e4\u00e4minen per\u00e4k\u00e4rryyn, jossa korotetut laidat. Vienti Mustankorkean lajitteluasemalle 10 km s\u00e4teell\u00e4 Jyv\u00e4skyl\u00e4n keskustasta. Sis\u00e4lt\u00e4\u00e4 lajittelupihan  j\u00e4temaksun (26,50\u20ac).<\/p>\n<\/div><\/div>\n\n\n\n<div class=\"wp-block-uagb-inline-notice uagb-inline_notice__align-left uagb-block-f15c2688\"><button class=\"uagb-notice-close-button\" type=\"button\" aria-label=\"Close\"><\/button><h5 class=\"uagb-notice-title\">Pihan haravointi ja j\u00e4tteen vienti kaatopaikalle alk. 75 \u20ac<\/h5><div class=\"uagb-notice-text\">\n<p>Okt:n tai RT:n pihan haravointi, ja siistiminen. Lehti- ja oksaroskien ker\u00e4ys ja poisvienti Mustankorkean j\u00e4teasemalle. Hinta sis\u00e4lt\u00e4\u00e4 matkakulut 10 km s\u00e4teell\u00e4 Jkl keskustasta. Pihat\u00f6iden ty\u00f6aika max 2 h. Lis\u00e4tunnit 35\u20ac\/h tai isompi urakka sopimuksen mukaan.<br>Huom! Hinta voimassa toukokuussa. Muina kuukausina lajittelupihan lis\u00e4maksu.<\/p>\n<\/div><\/div>\n<\/div>\n<\/div><\/div>\n\n\n\n<div class=\"wp-block-group alignfull is-layout-constrained wp-container-core-group-is-layout-ebee8dc1 wp-block-group-is-layout-constrained\" style=\"margin-top:0;margin-bottom:0;padding-top:var(--wp--preset--spacing--50);padding-bottom:var(--wp--preset--spacing--50)\">\n<div style=\"height:37px\" aria-hidden=\"true\" class=\"wp-block-spacer\"><\/div>\n\n\n\n<h2 class=\"wp-block-heading alignwide has-text-align-center\">Palvelen kaiken kokoisissa t\u00f6iss\u00e4 mielell\u00e4ni!<\/h2>\n\n\n\n<div style=\"height:37px\" aria-hidden=\"true\" class=\"wp-block-spacer\"><\/div>\n\n\n\n<div class=\"wp-block-columns alignwide is-layout-flex wp-container-core-columns-is-layout-28f84493 wp-block-columns-is-layout-flex\">\n<div class=\"wp-block-column is-layout-flow wp-block-column-is-layout-flow\">\n<h3 class=\"wp-block-heading\">Kotitalouksille:<\/h3>\n\n\n\n<ul class=\"wp-block-list\">\n<li>Lehtien haravointi ja puhallus sek\u00e4 puutarhaj\u00e4tteen poisvienti<\/li>\n\n\n\n<li>Nurmenleikkuu ja risukkojen raivaus<\/li>\n\n\n\n<li>Lapioty\u00f6t<\/li>\n\n\n\n<li>R\u00e4nnien puhdistus<\/li>\n\n\n\n<li>Kattojen puhdistus<\/li>\n\n\n\n<li>Huoltomaalaukset<\/li>\n\n\n\n<li>Kantoapu<\/li>\n\n\n\n<li>Klapien teko ja pinoaminen<\/li>\n\n\n\n<li>Lumity\u00f6t k\u00e4sin<\/li>\n<\/ul>\n<\/div>\n\n\n\n<div class=\"wp-block-column is-layout-flow wp-block-column-is-layout-flow\">\n<h3 class=\"wp-block-heading\">Yrityksille:<\/h3>\n\n\n\n<ul class=\"wp-block-list\">\n<li>Rakennusty\u00f6maa-apu <\/li>\n\n\n\n<li>Roudaus<\/li>\n\n\n\n<li>Kiinteist\u00f6jen pihaty\u00f6t<\/li>\n\n\n\n<li>Kunnossapitoty\u00f6t<\/li>\n\n\n\n<li>Kausity\u00f6t<\/li>\n\n\n\n<li>Kiinteist\u00f6nhoidon aputy\u00f6t<\/li>\n\n\n\n<li>Autojen kuljetukset ja siirrot<\/li>\n\n\n\n<li>Nopea tuntity\u00f6apu, laskutus sis alv.<\/li>\n\n\n\n<li>Tulity\u00f6kortti l\u00f6ytyy<\/li>\n\n\n\n<li>Ty\u00f6turvallisuuskortti l\u00f6ytyy.<\/li>\n<\/ul>\n<\/div>\n\n\n\n<div class=\"wp-block-column is-layout-flow wp-block-column-is-layout-flow\">\n<h3 class=\"wp-block-heading\">Talonrakentajille:<\/h3>\n\n\n\n<ul class=\"wp-block-list\">\n<li>Ty\u00f6maa-apu<\/li>\n\n\n\n<li>Rakennuksen perusty\u00f6t<\/li>\n\n\n\n<li>Kuormien purku<\/li>\n\n\n\n<li>Rakennuspaikan siivous<\/li>\n\n\n\n<li>Tavaran haku<\/li>\n\n\n\n<li><\/li>\n<\/ul>\n<\/div>\n<\/div>\n\n\n\n<div style=\"height:37px\" aria-hidden=\"true\" class=\"wp-block-spacer\"><\/div>\n<\/div>\n\n\n\n<p><\/p>\n","protected":false},"excerpt":{"rendered":"<p>Apumiespalvelu \u2013 lis\u00e4apua kodin ja yrityksen t\u00f6ihin helposti ja nopeasti Tarvitsetko luotettavaa apumiest\u00e4 vaikkapa pihat\u00f6ihin tai rakennukselle? Apumiespalvelu auttaa, kun [&hellip;]<\/p>\n","protected":false},"author":1,"featured_media":0,"parent":0,"menu_order":0,"comment_status":"closed","ping_status":"closed","template":"","meta":{"_uag_custom_page_level_css":"","site-sidebar-layout":"default","site-content-layout":"","ast-site-content-layout":"default","site-content-style":"default","site-sidebar-style":"default","ast-global-header-display":"","ast-banner-title-visibility":"","ast-main-header-display":"","ast-hfb-above-header-display":"","ast-hfb-below-header-display":"","ast-hfb-mobile-header-display":"","site-post-title":"disabled","ast-breadcrumbs-content":"","ast-featured-img":"","footer-sml-layout":"","ast-disable-related-posts":"","theme-transparent-header-meta":"","adv-header-id-meta":"","stick-header-meta":"","header-above-stick-meta":"","header-main-stick-meta":"","header-below-stick-meta":"","astra-migrate-meta-layouts":"default","ast-page-background-enabled":"default","ast-page-background-meta":{"desktop":{"background-color":"var(--ast-global-color-5)","background-image":"","background-repeat":"repeat","background-position":"center center","background-size":"auto","background-attachment":"scroll","background-type":"","background-media":"","overlay-type":"","overlay-color":"","overlay-opacity":"","overlay-gradient":""},"tablet":{"background-color":"","background-image":"","background-repeat":"repeat","background-position":"center center","background-size":"auto","background-attachment":"scroll","background-type":"","background-media":"","overlay-type":"","overlay-color":"","overlay-opacity":"","overlay-gradient":""},"mobile":{"background-color":"","background-image":"","background-repeat":"repeat","background-position":"center center","background-size":"auto","background-attachment":"scroll","background-type":"","background-media":"","overlay-type":"","overlay-color":"","overlay-opacity":"","overlay-gradient":""}},"ast-content-background-meta":{"desktop":{"background-color":"var(--ast-global-color-4)","background-image":"","background-repeat":"repeat","background-position":"center center","background-size":"auto","background-attachment":"scroll","background-type":"","background-media":"","overlay-type":"","overlay-color":"","overlay-opacity":"","overlay-gradient":""},"tablet":{"background-color":"var(--ast-global-color-4)","background-image":"","background-repeat":"repeat","background-position":"center center","background-size":"auto","background-attachment":"scroll","background-type":"","background-media":"","overlay-type":"","overlay-color":"","overlay-opacity":"","overlay-gradient":""},"mobile":{"background-color":"var(--ast-global-color-4)","background-image":"","background-repeat":"repeat","background-position":"center center","background-size":"auto","background-attachment":"scroll","background-type":"","background-media":"","overlay-type":"","overlay-color":"","overlay-opacity":"","overlay-gradient":""}},"footnotes":""},"class_list":["post-8","page","type-page","status-publish","hentry"],"uagb_featured_image_src":{"full":false,"thumbnail":false,"medium":false,"medium_large":false,"large":false,"1536x1536":false,"2048x2048":false},"uagb_author_info":{"display_name":"apumies","author_link":"https:\/\/apumiespalvelu.fi\/?author=1"},"uagb_comment_info":0,"uagb_excerpt":"Apumiespalvelu \u2013 lis\u00e4apua kodin ja yrityksen t\u00f6ihin helposti ja nopeasti Tarvitsetko luotettavaa apumiest\u00e4 vaikkapa pihat\u00f6ihin tai rakennukselle? Apumiespalvelu auttaa, kun [&hellip;]","_links":{"self":[{"href":"https:\/\/apumiespalvelu.fi\/index.php?rest_route=\/wp\/v2\/pages\/8","targetHints":{"allow":["GET"]}}],"collection":[{"href":"https:\/\/apumiespalvelu.fi\/index.php?rest_route=\/wp\/v2\/pages"}],"about":[{"href":"https:\/\/apumiespalvelu.fi\/index.php?rest_route=\/wp\/v2\/types\/page"}],"author":[{"embeddable":true,"href":"https:\/\/apumiespalvelu.fi\/index.php?rest_route=\/wp\/v2\/users\/1"}],"replies":[{"embeddable":true,"href":"https:\/\/apumiespalvelu.fi\/index.php?rest_route=%2Fwp%2Fv2%2Fcomments&post=8"}],"version-history":[{"count":23,"href":"https:\/\/apumiespalvelu.fi\/index.php?rest_route=\/wp\/v2\/pages\/8\/revisions"}],"predecessor-version":[{"id":61,"href":"https:\/\/apumiespalvelu.fi\/index.php?rest_route=\/wp\/v2\/pages\/8\/revisions\/61"}],"wp:attachment":[{"href":"https:\/\/apumiespalvelu.fi\/index.php?rest_route=%2Fwp%2Fv2%2Fmedia&parent=8"}],"curies":[{"name":"wp","href":"https:\/\/api.w.org\/{rel}","templated":true}]}}